{"id":2,"date":"2008-12-18T11:45:29","date_gmt":"2008-12-18T16:45:29","guid":{"rendered":"http:\/\/s122426555.onlinehome.us\/catumo\/?page_id=2"},"modified":"2014-11-22T13:12:03","modified_gmt":"2014-11-22T19:12:03","slug":"about","status":"publish","type":"page","link":"http:\/\/montezumainfo.net\/es\/about\/","title":{"rendered":"Con\u00f3zcanos"},"content":{"rendered":"<p id=\"top\" \/><\/p>\n<h2><strong>Misi\u00f3n<\/strong><\/h2>\n<p>Trabajar para que Montezuma sea un mejor lugar para vivir, visitar y hacer negocios, tanto para las comunidades como para los empresarios y turistas.<\/p>\n<h2><strong>Visi\u00f3n<\/strong><\/h2>\n<p>Representar dignamente al sector privado de Montezuma, tanto empresas peque\u00f1as como medianas y grandes.<\/p>\n<h2><strong>Orden y Transparencia<\/strong><\/h2>\n<p>Desde que CATUMO naci\u00f3, en el 2005, la Junta Directiva siempre se ha preocupado porque sea una Asociaci\u00f3n ordenada y 100% transparente en todas las labores que lleva a cabo. Para lograrlo, CATUMO cuenta actualmente con un contador privado quien\u00a0 lleva la contabilidad mensual de la misma. Adem\u00e1s se cuenta con otra empresa distinta que anualmente audita los estados financieros de la asociaci\u00f3n para que los afiliados puedan tener tranquilidad de pertenecer a una C\u00e1mara que est\u00e1 haciendo las cosas de la manera correcta. En los casos en los cuales se han hecho proyectos que ameritan donaciones por parte de la empresa privada, CATUMO en todo momento ha contratado empresas especializadas que auditen el manejo de fondos de dichas donaciones.<\/p>\n<h2><strong>Junta Directiva<\/strong><\/h2>\n<table style=\"margin-top: 12px; margin-bottom: 12px;\" width=\"90%\" border=\"0\" cellspacing=\"0\" cellpadding=\"0\" align=\"center\">\n<tbody>\n<tr>\n<td valign=\"top\" width=\"33%\"><strong>Presidente<\/strong><br \/>\nAntonio Vallese Bianchi<br \/>\n&nbsp;<br \/>\n<strong>Vicepresidente<\/strong><br \/>\nRomano Cruz Jimenez<\/td>\n<td valign=\"top\" width=\"34%\"><strong>Secretaria<\/strong><br \/>\nSandy Astudillo<br \/>\n&nbsp;<br \/>\n<strong>Tesorera<\/strong><br \/>\nDoris Braun<br \/>\n&nbsp;<br \/>\n<strong>Fiscal<\/strong><br \/>\nArnoldo Rojas Le\u00f3n<\/td>\n<td valign=\"top\" width=\"33%\"><strong>Vocal 1<br \/>\n<\/strong>Eterl\u00e9 Valle del Valle<\/p>\n<p><strong>Vocal 2<br \/>\n<\/strong>Marcelo Morera<\/td>\n<\/tr>\n<\/tbody>\n<\/table>\n<h2>Organigrama<\/h2>\n<p style=\"text-align: center;\"><img loading=\"lazy\" decoding=\"async\" class=\"aligncenter\" title=\"Organigrama\" alt=\"Organigrama\" src=\"http:\/\/s122426555.onlinehome.us\/catumo\/wp-content\/uploads\/2008\/12\/organigrama.gif\" width=\"500\" height=\"182\" \/><\/p>\n<h2>Sitio Web<\/h2>\n<p>Dise\u00f1o, diagramaci\u00f3n, implementaci\u00f3n y administraci\u00f3n: Alberto \u201cTito\u201d Zevallos, <a href=\"http:\/\/www.casamontezuma.com\" target=\"_blank\">Casa Montezuma Vacation Rental Home<\/a><\/p>\n<p>Para cualquier sugerencia o consulta, favor contactarnos usando\u00a0<a href=\"http:\/\/montezumainfo.net\/?page_id=74\">este formulario<\/a>.<\/p>\n<h2><\/h2>\n<p><\/p>","protected":false},"excerpt":{"rendered":"<p>Misi\u00f3n Trabajar para que Montezuma sea un mejor lugar para vivir, visitar y hacer negocios, tanto para las comunidades como para los empresarios y turistas. Visi\u00f3n Representar dignamente al sector privado de Montezuma, tanto empresas peque\u00f1as como medianas y grandes. Orden y Transparencia Desde que CATUMO naci\u00f3, en el 2005, la Junta Directiva siempre se [&hellip;]<\/p>\n","protected":false},"author":30,"featured_media":0,"parent":0,"menu_order":1,"comment_status":"closed","ping_status":"open","template":"","meta":{"footnotes":""},"class_list":["post-2","page","type-page","status-publish","hentry"],"aioseo_notices":[],"_links":{"self":[{"href":"http:\/\/montezumainfo.net\/es\/wp-json\/wp\/v2\/pages\/2","targetHints":{"allow":["GET"]}}],"collection":[{"href":"http:\/\/montezumainfo.net\/es\/wp-json\/wp\/v2\/pages"}],"about":[{"href":"http:\/\/montezumainfo.net\/es\/wp-json\/wp\/v2\/types\/page"}],"author":[{"embeddable":true,"href":"http:\/\/montezumainfo.net\/es\/wp-json\/wp\/v2\/users\/30"}],"replies":[{"embeddable":true,"href":"http:\/\/montezumainfo.net\/es\/wp-json\/wp\/v2\/comments?post=2"}],"version-history":[{"count":100,"href":"http:\/\/montezumainfo.net\/es\/wp-json\/wp\/v2\/pages\/2\/revisions"}],"predecessor-version":[{"id":1579,"href":"http:\/\/montezumainfo.net\/es\/wp-json\/wp\/v2\/pages\/2\/revisions\/1579"}],"wp:attachment":[{"href":"http:\/\/montezumainfo.net\/es\/wp-json\/wp\/v2\/media?parent=2"}],"curies":[{"name":"wp","href":"https:\/\/api.w.org\/{rel}","templated":true}]}}