{"id":638,"date":"2009-02-27T11:22:52","date_gmt":"2009-02-27T17:22:52","guid":{"rendered":"http:\/\/montezumainfo.net\/?page_id=638"},"modified":"2014-11-22T13:12:25","modified_gmt":"2014-11-22T19:12:25","slug":"informacion2","status":"publish","type":"page","link":"http:\/\/montezumainfo.net\/es\/informacion2\/","title":{"rendered":"Informaci\u00f3n"},"content":{"rendered":"<p id=\"top\" \/><\/p>\n<h2>C\u00f3mo llegar<\/h2>\n<p><strong><span style=\"color: #800000;\">Por Autom\u00f3vil:<\/span><\/strong> Haga arreglos con una agencia de alquiler de autos. Aseg\u00farese de tener un buen mapa de la red vial del pa\u00eds antes de emprender su viaje.<\/p>\n<p>En temporada alta trate de llegar por lo menos una hora antes de la hora de partida del ferry para asegurarse de que no se llene antes de Ud. abordar. Consulte una gu\u00eda tur\u00edstica para conocer el horario de los ferrys, los cuales salen aproxidamente cada 2 horas.<\/p>\n<p>C\u00f3mo puede ver en el mapa, dir\u00edjase al noroeste hasta llegar al puerto de Puntarenas y contin\u00fae hasta el final de la pen\u00ednsula, doble a la derecha doscientos metros hasta llegar a la orilla donde encallan los ferrys. Doble a la derecha y estacione en la fila de autom\u00f3viles que espera la llegada del ferry para abordarlo.<\/p>\n<p style=\"text-align: center;\"><img loading=\"lazy\" decoding=\"async\" class=\"size-full wp-image-102 aligncenter\" style=\"margin: 6px;\" title=\"San Jos\u00e9 a Montezuma\" alt=\"Mapa de San Jos\u00e9 a Montezuma\" src=\"http:\/\/s122426555.onlinehome.us\/catumo\/wp-content\/uploads\/2008\/12\/sj2mz.jpg\" width=\"600\" height=\"377\" srcset=\"http:\/\/montezumainfo.net\/wp-content\/uploads\/2008\/12\/sj2mz.jpg 600w, http:\/\/montezumainfo.net\/wp-content\/uploads\/2008\/12\/sj2mz-300x188.jpg 300w\" sizes=\"auto, (max-width: 600px) 100vw, 600px\" \/><\/p>\n<p>Tenga en cuenta que hay dos ferrys, uno que va a Playa Naranjo y otro que va a Paquera. Usted ocupa abordar el ferry hacia Paquera.<\/p>\n<p>Espere en la fila de autom\u00f3viles hasta que un empleado del ferry le entregue una ficha para abordar con su veh\u00edculo. Con la ficha en mano, ya puede ir a la ventanilla de taquillas a comprar su boleto. Aseg\u00farese de pedir boletos para ir a Paquera. Sus pasajeros deben abordar el ferry a pie. Solo el conductor puede abordar en el veh\u00edculo.<\/p>\n<p>Si alguna persona que no lleve el uniforme de la empresa del ferry ofrece asistirle con la compra del boleto, d\u00edgale que ya sabe c\u00f3mo hacerlo y no descuide su veh\u00edculo. Por precauci\u00f3n, no deje sus carteras o pasaportes en el veh\u00edculo y t\u00e9ngalos a la mano en el ferry.<\/p>\n<p><img loading=\"lazy\" decoding=\"async\" class=\"alignright size-full wp-image-111\" title=\"Ferry Peninsular\" alt=\"Ferry Peninsular\" src=\"http:\/\/s122426555.onlinehome.us\/catumo\/wp-content\/uploads\/2008\/12\/ferry.jpg\" width=\"300\" height=\"450\" srcset=\"http:\/\/montezumainfo.net\/wp-content\/uploads\/2008\/12\/ferry.jpg 300w, http:\/\/montezumainfo.net\/wp-content\/uploads\/2008\/12\/ferry-200x300.jpg 200w\" sizes=\"auto, (max-width: 300px) 100vw, 300px\" \/>Despues de aproximadamente una hora y media, el ferry llegar\u00e1 a Paquera. De Paquera conduzca hacia el suroeste hasta llegar a C\u00f3bano. En camino hacia C\u00f3bano pasar\u00e1 por Playa Tambor donde ver\u00e1 tres hoteles a mano izquierda, el hotel Los Delfines, el hotel Playa Tambor y el hotel Tango Mar, as\u00ed como el aeropuerto de Playa Tambor. Al llegar a C\u00f3bano, doble a la izquierda en la intersecci\u00f3n principal, en cuya esquina, a mano izquierda, ver\u00e1 el edificio del Banco Nacional donde puede usar el cajero autom\u00e1tico si lo necesita antes de llegar a Montezuma. Luego dir\u00edjase a Montezuma qued\u00e1ndose siempre en la carretera grande. Conduzca con precauci\u00f3n ya que la mayor\u00eda de esta carretera es de lastre e incluye algunas curvas ciegas y partes estrechas y una cuesta muy empinada y con curvas muy cerradas al aproximarse a Montezuma.<\/p>\n<p>Al llegar al fondo de la cuesta ver\u00e1 r\u00f3tulos, casas y hoteles, tome la primera calle a mano izquierda y estar\u00e1 en el centro de Montezuma. No conduzca en la playa en ning\u00fan tipo de veh\u00edculo.<\/p>\n<p>Trate de llegar durante el d\u00eda en su primera visita a Montezuma. Recuerde contactar a su hotel cuando est\u00e9 en camino, quiz\u00e1s en Tambor o C\u00f3bano, para avisarles que est\u00e1n llegando y as\u00ed estar\u00e1n listos para ayudarlo a descargar su equipaje.<\/p>\n<p><strong><span style=\"color: #800000;\">Por V\u00eda A\u00e9rea:<\/span><\/strong> Las aerol\u00edneas Sansa y Nature Air ofrecen vuelos desde Alajuela y San Jos\u00e9 respectivamente con destino a Playa Tambor. Usualmente hay dos o tres vuelos diarios. Para comprar sus boletos por internet, visite <a title=\"Aerol\u00edneas Sansa\" href=\"http:\/\/www.flysansa.com\" target=\"_blank\">www.flysansa.com<\/a> o <a title=\"Aerol\u00edneas Nature Air\" href=\"http:\/\/www.natureair.com\/\" target=\"_blank\">www.natureair.com<\/a>. Al llegar necesitar\u00eda un taxi para llegar del aeropuerto de Tambor a Montezuma. Llame al despacho de taxis en C\u00f3bano al 2-642-0000 para acordar que lo espere un taxista en el aeropuerto.<\/p>\n<p><strong><span style=\"color: #800000;\">Por Microbus<\/span><\/strong>: Varias empresas ofrecen servicio de microbus desde Alajuela y San Jos\u00e9 a Montezuma. Para informarse de sus horarios y tarifas, llame al 2-640-1900 \/ 2-640-0671 \/2-642-0919 \/ 2-642-0467. Las tarifas y horarios pueden variar entre diferentes empresas.<\/p>\n<p><strong><span style=\"color: #800000;\">Por Autob\u00fas:<\/span><\/strong> Para aquellos con un presupuesto limitado, retiren su equipaje y tomen el autob\u00fas hacia la terminal de autobuses del Mercado La Coca Cola. De la terminal puede tomar el bus directo a Montezuma por aproximadamente 5,000 colones, un poco menos de 10 d\u00f3lares por persona. Tambien puede tomar buses a otras horas para llegar al ferry de Puntarenas, donde puede abordar el ferry a Paquera, donde puede tomar otras l\u00edneas de bus para llegar a Montezuma.<\/p>\n<p>Para informarse de los horarios actuales de la l\u00ednea del bus directo, llame al 2-642-0219 \/ 2-642-0740 \/ 8-393-4349. Para otras l\u00edneas llame al 2-642-0992. Para informaci\u00f3n sobre los horarios del ferry de Puntarenas a Paquera llame al 2-661-2084.<\/p>\n<p>Si usted llama estos n\u00fameros desde el extranjero, no se olvide de a\u00f1adir los c\u00f3digos de larga distancia (+ 506) antes del n\u00famero. Por ejemplo, si marcara cualquiera de estos n\u00fameros desde los Estados Unidos, el n\u00famero completo a discar ser\u00eda 011-506-x-xxx-xxxx.<\/p>\n<h2>N\u00fameros Telef\u00f3nicos de Importancia<\/h2>\n<p>Informaci\u00f3n cortes\u00eda de Zoom Magazine <a href=\"http:\/\/nicoyazoom.com\/\" target=\"blank\"><img loading=\"lazy\" decoding=\"async\" class=\"alignnone size-full wp-image-601\" title=\"zoombanner\" alt=\"zoombanner\" src=\"http:\/\/montezumainfo.net\/wp-content\/uploads\/2008\/12\/zoombanner.jpg\" width=\"125\" height=\"38\" \/><\/a> <a href=\"http:\/\/nicoyazoom.com\/\" target=\"blank\">http:\/\/nicoyazoom.com\/<\/a><\/p>\n<hr \/>\n<p><strong>Servicios M\u00e9dicos \/ Emergencias M\u00e9dicas<\/strong><\/p>\n<table width=\"500\" border=\"0\" cellspacing=\"0\" cellpadding=\"0\" align=\"center\">\n<tbody>\n<tr>\n<td align=\"left\" width=\"400\">Cl\u00ednica de la Caja Costarricense de Seguro Social (C\u00f3bano)<\/td>\n<td align=\"right\" width=\"100\">2642-0208<\/td>\n<\/tr>\n<tr>\n<td align=\"left\">Dr. Carlos Madison S\u00e1nchez<\/td>\n<td align=\"right\">8392-4791<\/td>\n<\/tr>\n<tr>\n<td align=\"left\">Emergencias 2000 (Ambulancia)<\/td>\n<td align=\"right\">2642-0630<\/td>\n<\/tr>\n<\/tbody>\n<\/table>\n<hr \/>\n<p><strong>Fuerza P\u00fablica \/ Agencias de Seguridad y Justicia<\/strong><\/p>\n<table width=\"500\" border=\"0\" cellspacing=\"0\" cellpadding=\"0\" align=\"center\">\n<tbody>\n<tr>\n<td align=\"left\" width=\"400\">Fiscal\u00eda<\/td>\n<td align=\"right\" width=\"100\">2642-0512<\/td>\n<\/tr>\n<tr>\n<td align=\"left\">Juzgado de C\u00f3bano<\/td>\n<td align=\"right\">2642-0233<\/td>\n<\/tr>\n<tr>\n<td align=\"left\">Organismo de Investigaci\u00f3n Judicial (OIJ)<\/td>\n<td align=\"right\">2642-0580<\/td>\n<\/tr>\n<tr>\n<td align=\"left\">Polic\u00eda<\/td>\n<td align=\"right\">2642-0770<\/td>\n<\/tr>\n<\/tbody>\n<\/table>\n<p><strong><img loading=\"lazy\" decoding=\"async\" class=\"alignleft size-full wp-image-645\" style=\"margin-left: 6px; margin-right: 6px;\" title=\"pdf_icon\" alt=\"pdf_icon\" src=\"http:\/\/montezumainfo.net\/wp-content\/uploads\/2009\/02\/pdf_icon.gif\" width=\"64\" height=\"64\" \/>Importante: Formulario para reportes de incidentes criminales<\/strong><\/p>\n<p>Favor bajar e imprimir <a href=\"http:\/\/montezumainfo.net\/wp-content\/uploads\/2008\/12\/reporte_de_incidencia_slog.pdf\" target=\"blank\">este formulario<\/a> y llenar sus encasillados para reportar cualquier actividad criminal que usted haya observado o de la cual fuera v\u00edctima. Le suplicamos reportar cualquier actividad criminal o sospechosa a las autoridades por medio de este reporte, ya que estos se usan para dedicar recursos de seguridad a la comunidad de Montezuma en proporci\u00f3n a la incidencia del crimen. Favor entregar el formulario a la recepci\u00f3n del hotel donde se est\u00e1 hospedando, o a los agentes de seguridad p\u00fablica.<\/p>\n<p><strong><a href=\"http:\/\/montezumainfo.net\/wp-content\/uploads\/2008\/12\/reporte_de_incidencia_slog.pdf\" target=\"blank\">Descargar Reporte de Incidencia<\/a><\/strong><\/p>\n<hr \/>\n<p><strong>Oficinas P\u00fablicas y Servicios P\u00fablicos<\/strong><\/p>\n<table width=\"500\" border=\"0\" cellspacing=\"0\" cellpadding=\"0\" align=\"center\">\n<tbody>\n<tr>\n<td align=\"left\" width=\"400\">Acueductos y Alcantarillados (AyA)<\/td>\n<td align=\"right\" width=\"100\">2642-0190<\/td>\n<\/tr>\n<tr>\n<td align=\"left\">Banco Nacional de Costa Rica<\/td>\n<td align=\"right\">2642-0210<\/td>\n<\/tr>\n<tr>\n<td align=\"left\">Biblioteca<\/td>\n<td align=\"right\">2642-0041<\/td>\n<\/tr>\n<tr>\n<td align=\"left\">Correos de Costa Rica<\/td>\n<td align=\"right\">2642-0047<\/td>\n<\/tr>\n<tr>\n<td align=\"left\">Instituto Costarricense de Electricidad (ICE)<\/td>\n<td align=\"right\">2642-0123<\/td>\n<\/tr>\n<tr>\n<td align=\"left\" width=\"400\">Instituto Costarricense de Electricidad (ICE) &#8211; Cobros<\/td>\n<td align=\"right\" width=\"100\">2642-0455<\/td>\n<\/tr>\n<tr>\n<td align=\"left\">Ministerio de Agricultura y Ganado (MAG)<\/td>\n<td align=\"right\">2642-0294<\/td>\n<\/tr>\n<tr>\n<td align=\"left\">Ministerio de Educacion P\u00fablica (MEP)<\/td>\n<td align=\"right\">2642-0041<\/td>\n<\/tr>\n<tr>\n<td align=\"left\">Municipalidad de C\u00f3bano<\/td>\n<td align=\"right\">2642-0238<\/td>\n<\/tr>\n<\/tbody>\n<\/table>\n<hr \/>\n<p>Para mas informaci\u00f3n sobre la Pen\u00ednsula de Nicoya, visite<br \/>\n<a href=\"http:\/\/peninsuladenicoya.com\/\" target=\"blank\"><img loading=\"lazy\" decoding=\"async\" class=\"aligncenter size-full wp-image-806\" title=\"pendenicoya\" alt=\"guia peninsula de nicoya\" src=\"http:\/\/montezumainfo.net\/wp-content\/uploads\/2009\/02\/pendenicoya.jpg\" width=\"300\" height=\"56\" border=\"0\" \/>http:\/\/peninsuladenicoya.com\/<\/a><\/p>\n<hr \/>\n<h3>Informaci\u00f3n General de Turismo<\/h3>\n<p><a href=\"http:\/\/www.alquilercochesespana.com\/\" target=\"_blank\">Alquiler de coches<\/a><\/p>\n<p><a href=\"http:\/\/www.carsrentalmontenegro.com\/\" target=\"_blank\">Montenegro Car Hire<\/a><\/p>\n<p> <a href=\"http:\/\/www.carrentalpuntaarenasairport.com\/\" target=\"_blank\">Visit our website<\/a> and avail the best car hire deals at Puntaarenas Airport.<br \/>\n&nbsp;<\/p>\n<hr \/>\n<p><\/p>","protected":false},"excerpt":{"rendered":"<p>C\u00f3mo llegar Por Autom\u00f3vil: Haga arreglos con una agencia de alquiler de autos. Aseg\u00farese de tener un buen mapa de la red vial del pa\u00eds antes de emprender su viaje. En temporada alta trate de llegar por lo menos una hora antes de la hora de partida del ferry para asegurarse de que no se [&hellip;]<\/p>\n","protected":false},"author":30,"featured_media":0,"parent":0,"menu_order":2,"comment_status":"closed","ping_status":"open","template":"","meta":{"footnotes":""},"class_list":["post-638","page","type-page","status-publish","hentry"],"aioseo_notices":[],"_links":{"self":[{"href":"http:\/\/montezumainfo.net\/es\/wp-json\/wp\/v2\/pages\/638","targetHints":{"allow":["GET"]}}],"collection":[{"href":"http:\/\/montezumainfo.net\/es\/wp-json\/wp\/v2\/pages"}],"about":[{"href":"http:\/\/montezumainfo.net\/es\/wp-json\/wp\/v2\/types\/page"}],"author":[{"embeddable":true,"href":"http:\/\/montezumainfo.net\/es\/wp-json\/wp\/v2\/users\/30"}],"replies":[{"embeddable":true,"href":"http:\/\/montezumainfo.net\/es\/wp-json\/wp\/v2\/comments?post=638"}],"version-history":[{"count":45,"href":"http:\/\/montezumainfo.net\/es\/wp-json\/wp\/v2\/pages\/638\/revisions"}],"predecessor-version":[{"id":1604,"href":"http:\/\/montezumainfo.net\/es\/wp-json\/wp\/v2\/pages\/638\/revisions\/1604"}],"wp:attachment":[{"href":"http:\/\/montezumainfo.net\/es\/wp-json\/wp\/v2\/media?parent=638"}],"curies":[{"name":"wp","href":"https:\/\/api.w.org\/{rel}","templated":true}]}}