{"id":78,"date":"2008-12-19T17:52:41","date_gmt":"2008-12-19T23:52:41","guid":{"rendered":"http:\/\/s122426555.onlinehome.us\/catumo\/?page_id=78"},"modified":"2014-11-22T13:12:49","modified_gmt":"2014-11-22T19:12:49","slug":"proyectos","status":"publish","type":"page","link":"http:\/\/montezumainfo.net\/es\/proyectos\/","title":{"rendered":"Proyectos"},"content":{"rendered":"<p id=\"top\" \/><\/p>\n<h3>Proyecto para reabastecer el acueducto de Montezuma<\/h3>\n\n\t\t<style type=\"text\/css\">\n\t\t\t#gallery-1 {\n\t\t\t\tmargin: auto;\n\t\t\t}\n\t\t\t#gallery-1 .gallery-item {\n\t\t\t\tfloat: left;\n\t\t\t\tmargin-top: 10px;\n\t\t\t\ttext-align: center;\n\t\t\t\twidth: 33%;\n\t\t\t}\n\t\t\t#gallery-1 img {\n\t\t\t\tborder: 2px solid #cfcfcf;\n\t\t\t}\n\t\t\t#gallery-1 .gallery-caption {\n\t\t\t\tmargin-left: 0;\n\t\t\t}\n\t\t\t\/* see gallery_shortcode() in wp-includes\/media.php *\/\n\t\t<\/style>\n\t\t<div id='gallery-1' class='gallery galleryid-78 gallery-columns-3 gallery-size-thumbnail'><dl class='gallery-item'>\n\t\t\t<dt class='gallery-icon landscape'>\n\t\t\t\t<a href='http:\/\/montezumainfo.net\/es\/proyectos\/caseta_policial\/'><img loading=\"lazy\" decoding=\"async\" width=\"150\" height=\"150\" src=\"http:\/\/montezumainfo.net\/wp-content\/uploads\/2008\/12\/caseta_policial-150x150.jpg\" class=\"attachment-thumbnail size-thumbnail\" alt=\"\" \/><\/a>\n\t\t\t<\/dt><\/dl><dl class='gallery-item'>\n\t\t\t<dt class='gallery-icon portrait'>\n\t\t\t\t<a href='http:\/\/montezumainfo.net\/es\/proyectos\/reciclaje_catumo\/'><img loading=\"lazy\" decoding=\"async\" width=\"150\" height=\"150\" src=\"http:\/\/montezumainfo.net\/wp-content\/uploads\/2008\/12\/reciclaje_catumo-150x150.jpg\" class=\"attachment-thumbnail size-thumbnail\" alt=\"\" \/><\/a>\n\t\t\t<\/dt><\/dl>\n\t\t\t<br style='clear: both' \/>\n\t\t<\/div>\n\n<hr style=\"display: block; margin: 20px 0px;\" \/>\n<h3>Promoci\u00f3n del Turismo Ecol\u00f3gico<\/h3>\n<p>Fomentar la actividad tur\u00edstica nacional y extranjera en la zona de Montezuma, comprometidos con la conservaci\u00f3n del medio ambiente.<\/p>\n<hr style=\"display: block; margin: 20px 0px;\" \/>\n<h3>Remodelaci\u00f3n de la Caseta Policial<\/h3>\n<p><img loading=\"lazy\" decoding=\"async\" class=\"alignright size-full wp-image-451\" title=\"Caseta Policial\" alt=\"Caseta Policial\" src=\"http:\/\/s122426555.onlinehome.us\/catumo\/wp-content\/uploads\/2008\/12\/caseta_policial.jpg\" width=\"240\" height=\"180\" \/>Despu\u00e9s de muchos esfuerzos y diligencias por parte de la C\u00e1mara\u00a0se logr\u00f3 que la polic\u00eda de proximidad nos asignaran 2 efectivos de seguridad permanentes para nuestra comunidad, es por tal motivo que estamos recolectando donaciones por parte de nuestros afiliados y p\u00fablico en general para poder remodelar la caseta policial que esta contiguo a la parada de buses provisional, para as\u00ed poder alojar a dichos efectivos.<\/p>\n<p>Queremos\u00a0\u00a0dar nuestro profundo y sincero agradecimiento a todas las\u00a0personas que ya han realizado sus donaciones e instamos a todas aquellas que a\u00fan no han hecho sus donativos a hacerlo para as\u00ed arrancar con tan importante proyecto.<\/p>\n<hr style=\"display: block; margin: 20px 0px;\" \/>\n<h3>Proyecto de Reciclaje Comunitario<\/h3>\n<p><img loading=\"lazy\" decoding=\"async\" class=\"alignright size-full wp-image-455\" title=\"reciclaje_catumo\" alt=\"reciclaje_catumo\" src=\"http:\/\/s122426555.onlinehome.us\/catumo\/wp-content\/uploads\/2008\/12\/reciclaje_catumo.jpg\" width=\"135\" height=\"140\" \/>Este proyecto gesta la instalaci\u00f3n de basureros de reciclaje en diferentes puntos de la comunidad.<\/p>\n<p>Este proyecto es de suma importancia ya que uno de los principales objetivos de la C\u00e1mara de Turismo de Montezuma es promover el desarrollo sostenible en la comunidad, con este proyecto se pretende dar abasto con la recolecci\u00f3n de los desechos en el pueblo y a la vez crear conciencia entre nuestros pobladores y visitantes sobre la importancia del reciclaje.<\/p>\n<hr style=\"display: block; margin: 20px 0px;\" \/>\n<h3>Ordenamiento vial del centro de Montezuma<\/h3>\n<p>Con este proyecto se pretende descongestionar las v\u00edas principales del pueblo y fijar reglas para los camiones repartidores, asi como zonas de carga y descarga. Nuestro sue\u00f1o en el futuro es convertir la comunidad de Montezuma en una zona peatonal.<\/p>\n<p><img loading=\"lazy\" decoding=\"async\" class=\"aligncenter size-full wp-image-58\" title=\"Montezuma de Noche\" alt=\"Montezuma de Noche\" src=\"http:\/\/s122426555.onlinehome.us\/catumo\/wp-content\/uploads\/2008\/12\/montezuma_de_noche.jpg\" width=\"600\" height=\"399\" srcset=\"http:\/\/montezumainfo.net\/wp-content\/uploads\/2008\/12\/montezuma_de_noche.jpg 600w, http:\/\/montezumainfo.net\/wp-content\/uploads\/2008\/12\/montezuma_de_noche-300x199.jpg 300w\" sizes=\"auto, (max-width: 600px) 100vw, 600px\" \/><\/p>\n<p><iframe loading=\"lazy\" style=\"border: none; overflow: hidden; width: 610px; height: 590px;\" src=\"\/\/www.facebook.com\/plugins\/likebox.php?href=http%3A%2F%2Fwww.facebook.com%2Fpages%2FMontezuma-Recicla-Montezuma-Recycles%2F132212710176407%3Ffref%3Dts&amp;width=610&amp;height=590&amp;colorscheme=light&amp;show_faces=true&amp;border_color&amp;stream=true&amp;header=true\" height=\"240\" width=\"320\" frameborder=\"0\" scrolling=\"no\"><\/iframe><\/p>","protected":false},"excerpt":{"rendered":"<p>Proyecto para reabastecer el acueducto de Montezuma Promoci\u00f3n del Turismo Ecol\u00f3gico Fomentar la actividad tur\u00edstica nacional y extranjera en la zona de Montezuma, comprometidos con la conservaci\u00f3n del medio ambiente. Remodelaci\u00f3n de la Caseta Policial Despu\u00e9s de muchos esfuerzos y diligencias por parte de la C\u00e1mara\u00a0se logr\u00f3 que la polic\u00eda de proximidad nos asignaran 2 [&hellip;]<\/p>\n","protected":false},"author":30,"featured_media":0,"parent":0,"menu_order":3,"comment_status":"closed","ping_status":"open","template":"","meta":{"footnotes":""},"class_list":["post-78","page","type-page","status-publish","hentry"],"aioseo_notices":[],"_links":{"self":[{"href":"http:\/\/montezumainfo.net\/es\/wp-json\/wp\/v2\/pages\/78","targetHints":{"allow":["GET"]}}],"collection":[{"href":"http:\/\/montezumainfo.net\/es\/wp-json\/wp\/v2\/pages"}],"about":[{"href":"http:\/\/montezumainfo.net\/es\/wp-json\/wp\/v2\/types\/page"}],"author":[{"embeddable":true,"href":"http:\/\/montezumainfo.net\/es\/wp-json\/wp\/v2\/users\/30"}],"replies":[{"embeddable":true,"href":"http:\/\/montezumainfo.net\/es\/wp-json\/wp\/v2\/comments?post=78"}],"version-history":[{"count":31,"href":"http:\/\/montezumainfo.net\/es\/wp-json\/wp\/v2\/pages\/78\/revisions"}],"predecessor-version":[{"id":1605,"href":"http:\/\/montezumainfo.net\/es\/wp-json\/wp\/v2\/pages\/78\/revisions\/1605"}],"wp:attachment":[{"href":"http:\/\/montezumainfo.net\/es\/wp-json\/wp\/v2\/media?parent=78"}],"curies":[{"name":"wp","href":"https:\/\/api.w.org\/{rel}","templated":true}]}}