{"id":8,"date":"2008-12-19T10:38:45","date_gmt":"2008-12-19T16:38:45","guid":{"rendered":"http:\/\/s122426555.onlinehome.us\/catumo\/?page_id=8"},"modified":"2019-09-05T10:56:52","modified_gmt":"2019-09-05T16:56:52","slug":"inicio","status":"publish","type":"page","link":"http:\/\/montezumainfo.net\/es\/","title":{"rendered":"Inicio"},"content":{"rendered":"<p id=\"top\" \/><a href=\"http:\/\/montezumainfo.net\/wp-content\/uploads\/2013\/06\/playa-montezuma-body.jpg\"><img loading=\"lazy\" decoding=\"async\" class=\"alignright size-medium wp-image-1514\" src=\"http:\/\/montezumainfo.net\/wp-content\/uploads\/2013\/06\/playa-montezuma-body-300x224.jpg\" alt=\"Playa Montezuma\" width=\"300\" height=\"224\" srcset=\"http:\/\/montezumainfo.net\/wp-content\/uploads\/2013\/06\/playa-montezuma-body-300x224.jpg 300w, http:\/\/montezumainfo.net\/wp-content\/uploads\/2013\/06\/playa-montezuma-body-1024x764.jpg 1024w, http:\/\/montezumainfo.net\/wp-content\/uploads\/2013\/06\/playa-montezuma-body.jpg 1680w\" sizes=\"auto, (max-width: 300px) 100vw, 300px\" \/><\/a><strong>Estimados amigos,<\/strong><\/p>\n<p>Costa Rica es un pa\u00eds que alberga en su peque\u00f1o territorio cerca del 6% de la biodiversidad del planeta y por eso los exhortamos a emprender una de las m\u00e1s impresionantes excursiones de historia natural sea que viajen a trav\u00e9s de la pen\u00ednsula o en el trasbordador desde Puntarenas. A nombre de la asociaci\u00f3n C\u00e1mara de Turismo los invito a descubrir por qu\u00e9 Montezuma es considerado uno de los m\u00e1s importantes destinos tur\u00edsticos del pa\u00eds y c\u00f3mo fomentar el desarrollo gracias al aporte del turismo.<\/p>\n<p>Muchas gracias,<\/p>\n<p><strong> Antonio Vallese<\/strong><\/p>\n<p><strong><em> Presidente<\/p>\n<p>C\u00e1mara de Turismo de Montezuma <\/em><\/strong><\/p>\n<p><strong><em><\/p>\n<p><\/em><\/strong><\/p>\n<h2><strong>Historia de Montezuma<\/strong><\/h2>\n<p><a href=\"http:\/\/montezumainfo.net\/wp-content\/uploads\/2008\/12\/lajas-river-mouth.jpg\"><img loading=\"lazy\" decoding=\"async\" class=\"alignright size-medium wp-image-1583\" src=\"http:\/\/montezumainfo.net\/wp-content\/uploads\/2008\/12\/lajas-river-mouth-225x300.jpg\" alt=\"Rio Lajas\" width=\"225\" height=\"300\" srcset=\"http:\/\/montezumainfo.net\/wp-content\/uploads\/2008\/12\/lajas-river-mouth-225x300.jpg 225w, http:\/\/montezumainfo.net\/wp-content\/uploads\/2008\/12\/lajas-river-mouth.jpg 720w\" sizes=\"auto, (max-width: 225px) 100vw, 225px\" \/><\/a>Hace apenas 50 a\u00f1os Montezuma era el puerto de salida de toda la producci\u00f3n agr\u00edcola de las tierras altas que la rodean, cuentan los viejos de la zona de los desfiles de carretas de bueyes que se formaban todos los d\u00edas de lancha, como le llamaban en ese tiempo a los d\u00edas en que llegaba la embarcaci\u00f3n procedente de Puntarenas,\u00a0 un peque\u00f1o, limpio\u00a0 y tranquilo puerto, enmarcado por la m\u00e1s aut\u00e9ntica y viva naturaleza\u2026<\/p>\n<p><em><span style=\"font-style: normal;\">A mediados de los a\u00f1os 70 se construy\u00f3 la carretera que comunica Paquera con C\u00f3bano, por lo que Montezuma dej\u00f3 de ser un puerto y se convirti\u00f3 en un maravilloso y realmente m\u00e1gico pueblecito de pescadores.<\/span><\/em><\/p>\n<p><em><span style=\"font-style: normal;\">Hace apenas 30 a\u00f1os Playa Montezuma era un encantador lugar del planeta, situada a los pies de dos enormes acantilados, desde donde bajan seis peque\u00f1os y grandes r\u00edos, todos ellos llenos de pozas, pocitas y cataratas; ocho diferentes y fascinantes playas, de arenas cuyos matices van del marfil en Las Manchas hasta el gris oscuro y particular de Playa Grande, maravillosos y frondosos bosques que albergan infinidad de especies nativas y adem\u00e1s: mapaches, osos hormigueros, pizotes, ardillas, guatusas, martillas, venados, zainos, monos congos y cariblancos, manigordos, tepezcuintles y tolomucos,\u00a0 por citar algunos de ellos\u2026 y todo esto conviviendo en la mayor de las armon\u00edas\u2026<\/span><\/em><\/p>\n<p><span style=\"font-style: normal;\">Esto atrajo a los primeros extranjeros que no pudieron resistir el magnetismo y fascinaci\u00f3n que ejerci\u00f3 Playa Montezuma sobre ellos y se quedaron para siempre\u2026<\/span><\/p>\n<p><span style=\"font-style: normal;\">Don Nicol\u00e1s y do\u00f1a Karen, \u00e9l sueco y ella danesa,\u00a0 fundaron la primera \u00e1rea protegida de Costa Rica: La Reserva Nacional Absoluta de Cabo Blanco que dio origen al resto de \u00e1reas protegidas que hacen que Costa Rica tenga hoy el 25% de su territorio bajo alg\u00fan r\u00e9gimen de protecci\u00f3n. Los siguieron Alberth y Gitza, \u00e9l estadounidense y ella italiana; adquirieron muchas tierras, \u00e9l para la conservaci\u00f3n y para la investigaci\u00f3n de una especie de uva que se diera en el tr\u00f3pico, a la que dedic\u00f3 gran parte de su vida; ella para la ganader\u00eda que era una de sus grandes pasiones. A esos cuatro primeros extranjeros, cuyos cuerpos nos abandonaron, pero cuyos esp\u00edritus habitan las monta\u00f1as, r\u00edos, vi\u00f1edos, potreros y playas que tantas veces recorrieron, les agradece hoy Montezuma el tener toda el \u00e1rea entre Piedra Colorada y Cocalito bajo regimenes de protecci\u00f3n.<\/p>\n<p><\/span><\/p>\n<p><span style=\"font-style: normal;\"><img loading=\"lazy\" decoding=\"async\" class=\"alignleft size-full wp-image-60\" title=\"Ardilla variable\" src=\"http:\/\/s122426555.onlinehome.us\/catumo\/wp-content\/uploads\/2008\/12\/ardilla.jpg\" alt=\"Ardilla variable\" width=\"150\" height=\"175\" \/>Poco a poco Playa Montezuma empez\u00f3 a ser visitada, primero por bailarines, pintores, m\u00fasicos\u2026 todo tipo de artistas y bohemios nacionales; despu\u00e9s por extranjeros: italianos, alemanes, espa\u00f1oles, griegos, estadounidenses, holandeses, suizos, daneses, austriacos, argentinos, colombianos, peruanos, uruguayos\u2026 quienes tambi\u00e9n quedaron cautivos de la magia de este lugar\u2026 <\/span><\/p>\n<p><span style=\"font-style: normal;\">Playa Montezuma es hoy un lugar muy especial, su peque\u00f1o y cosmopolita pueblo tiene un ambiente \u00fanico en donde se disfruta de infinidad de actividades\u2026\u00a0 y a\u00a0 solo unos pocos pasos,\u00a0 se empiezan a descubrir: 8 maravillosas y diferentes playas, cuatro r\u00edos de aguas frescas con deliciosas, tonificantes o acariciantes cascadas, monta\u00f1as con todos los tonos de verde imaginables, cielos estrellados o playas iluminadas por la luz de la luna llena y kil\u00f3metros de monta\u00f1as, r\u00edos y playas protegidos, habitados a\u00fan por la flora y fauna de este maravilloso rinconcito del planeta\u2026<\/span><\/p>\n<p><span style=\"font-style: normal;\"><em>Texto escrito por: Rebeca Quesada G\u00fcell.\u00a0Se proh\u00edbe su reproducci\u00f3n en todo o en parte.<\/em><\/span><\/p>","protected":false},"excerpt":{"rendered":"<p>Estimados amigos, Costa Rica es un pa\u00eds que alberga en su peque\u00f1o territorio cerca del 6% de la biodiversidad del planeta y por eso los exhortamos a emprender una de las m\u00e1s impresionantes excursiones de historia natural sea que viajen a trav\u00e9s de la pen\u00ednsula o en el trasbordador desde Puntarenas. A nombre de la [&hellip;]<\/p>\n","protected":false},"author":30,"featured_media":0,"parent":0,"menu_order":0,"comment_status":"closed","ping_status":"open","template":"","meta":{"footnotes":""},"class_list":["post-8","page","type-page","status-publish","hentry"],"aioseo_notices":[],"_links":{"self":[{"href":"http:\/\/montezumainfo.net\/es\/wp-json\/wp\/v2\/pages\/8","targetHints":{"allow":["GET"]}}],"collection":[{"href":"http:\/\/montezumainfo.net\/es\/wp-json\/wp\/v2\/pages"}],"about":[{"href":"http:\/\/montezumainfo.net\/es\/wp-json\/wp\/v2\/types\/page"}],"author":[{"embeddable":true,"href":"http:\/\/montezumainfo.net\/es\/wp-json\/wp\/v2\/users\/30"}],"replies":[{"embeddable":true,"href":"http:\/\/montezumainfo.net\/es\/wp-json\/wp\/v2\/comments?post=8"}],"version-history":[{"count":68,"href":"http:\/\/montezumainfo.net\/es\/wp-json\/wp\/v2\/pages\/8\/revisions"}],"predecessor-version":[{"id":1688,"href":"http:\/\/montezumainfo.net\/es\/wp-json\/wp\/v2\/pages\/8\/revisions\/1688"}],"wp:attachment":[{"href":"http:\/\/montezumainfo.net\/es\/wp-json\/wp\/v2\/media?parent=8"}],"curies":[{"name":"wp","href":"https:\/\/api.w.org\/{rel}","templated":true}]}}