{"id":863,"date":"2010-10-30T15:01:24","date_gmt":"2010-10-30T21:01:24","guid":{"rendered":"http:\/\/montezumainfo.net\/?page_id=863"},"modified":"2019-09-16T09:21:13","modified_gmt":"2019-09-16T15:21:13","slug":"como-ayudar","status":"publish","type":"page","link":"http:\/\/montezumainfo.net\/es\/como-ayudar\/","title":{"rendered":"C\u00f3mo Ayudar"},"content":{"rendered":"<p id=\"top\" \/><\/p>\n<h3>Actualizaci\u00f3n: La Cuesta de Montezuma<\/h3>\n<p><img loading=\"lazy\" decoding=\"async\" alt=\"Cuesta de Montezuma\" src=\"https:\/\/lh6.googleusercontent.com\/-7IZnYnwhn8I\/TtMHrH_uBEI\/AAAAAAAAAt0\/CWMvghrvVWc\/s640\/IMG_1262.jpg\" class=\"alignright\" width=\"240\" height=\"320\" style=\"float:right; margin-left:9px;\" \/><br \/>\nEl pasado mes de octubre finaliz\u00f3 el ambicioso proyecto de estabilizaci\u00f3n y colocaci\u00f3n de carpeta asf\u00e1ltica en la R624 sector \u00a8Cuesta\u00a8. Este proyecto realizado gracias al apoyo del director ejecutivo de CONAVi Ing. Carlos Eduardo Acosta Monge, y desde luego del se\u00f1or ministro de Obras P\u00fablicas y Transporte Ing. Francisco Jim\u00e9nez Reyes, ha significado el cambio tan esperado por parte de todas las comunidades de la zona y que permite, despu\u00e9s de 8 a\u00f1os, volver a contar con el principal acceso a Montezuma y Cabuya en perfectas condiciones. Recordemos que en agosto del 2003 la CNE hab\u00eda ordenado el cierre de la v\u00eda que permite el acceso a playa Montezuma debido a varios deslizamientos registrados un mes antes.<\/p>\n<p>Despu\u00e9s de varios a\u00f1os de intentos infructuosos, el 26 marzo del 2010 CaTuMo interpuso un recurso de amparo para que se procediera a adoptar y ejecutar las medidas necesarias para eliminar los problemas de polvo y resolver la falta de calzada, recurso declarado con lugar por la Sala Constitucional en julio del mismo a\u00f1o, otorgando un plazo de 12 meses para corregir los problemas denunciados.<\/p>\n<p>Fue as\u00ed como gracias a la colaboraci\u00f3n del Ing. Marco Antonio Rojas Jenkins, director de Conservaci\u00f3n de V\u00edas y Puentes de CONAVI y en especial a la incansable labor del Ing. Miguel \u00c1ngel Arroyo Murillo, director a.i. para Guanacaste, que la primera etapa de tan ambicioso proyecto es hoy una realidad. Se colocaron 1.115 M3 de base estabilizada (equivalentes a 93 vagonetas a 12 M3 c\/u), 1250 sacos de cemento y 308 toneladas m\u00e9tricas de mezcla asf\u00e1ltica.<\/p>\n<p>No nos corresponde evaluar nuestra labor de colaboraci\u00f3n y fiscalizaci\u00f3n, sin embargo nos sentimos muy orgullosos por haber recibido el apoyo incondicional de nuestros afiliados y vecinos de la zona, los cuales han pacientemente soportado las molestias ocasionadas por el cierre de v\u00eda. Gracias por haber cre\u00eddo en nosotros y gracias a todas las personas que de una u otra forma han colaborado a lo largo de siete largos e intensos meses, y esperamos poder contar con ellos para la segunda etapa del proyecto que empezar\u00e1 en la \u00faltima semana de noviembre de 2011, la cual prev\u00e9 la rehabilitaci\u00f3n de la superficie de ruedo y del sistema de drenaje en un tramo de 6.7 km. de longitud entre C\u00f3bano y Montezuma (primer cuadrante) donde se colocaran 7,000 M3 de material de sub-base.<\/p>\n\n\t\t<style type=\"text\/css\">\n\t\t\t#gallery-1 {\n\t\t\t\tmargin: auto;\n\t\t\t}\n\t\t\t#gallery-1 .gallery-item {\n\t\t\t\tfloat: left;\n\t\t\t\tmargin-top: 10px;\n\t\t\t\ttext-align: center;\n\t\t\t\twidth: 100%;\n\t\t\t}\n\t\t\t#gallery-1 img {\n\t\t\t\tborder: 2px solid #cfcfcf;\n\t\t\t}\n\t\t\t#gallery-1 .gallery-caption {\n\t\t\t\tmargin-left: 0;\n\t\t\t}\n\t\t\t\/* see gallery_shortcode() in wp-includes\/media.php *\/\n\t\t<\/style>\n\t\t<div id='gallery-1' class='gallery galleryid-863 gallery-columns-0 gallery-size-thumbnail'><dl class='gallery-item'>\n\t\t\t<dt class='gallery-icon '>\n\t\t\t\t<a href='http:\/\/montezumainfo.net\/es\/como-ayudar\/como_ayudar_catumo\/'><img loading=\"lazy\" decoding=\"async\" width=\"1\" height=\"1\" src=\"http:\/\/montezumainfo.net\/wp-content\/uploads\/2010\/10\/como_ayudar_catumo.jpg\" class=\"attachment-thumbnail size-thumbnail\" alt=\"\" \/><\/a>\n\t\t\t<\/dt><\/dl><dl class='gallery-item'>\n\t\t\t<dt class='gallery-icon '>\n\t\t\t\t<a href='http:\/\/montezumainfo.net\/es\/como-ayudar\/como_ayudar_catumo1\/'><img loading=\"lazy\" decoding=\"async\" width=\"1\" height=\"1\" src=\"http:\/\/montezumainfo.net\/wp-content\/uploads\/2010\/10\/como_ayudar_catumo1.jpg\" class=\"attachment-thumbnail size-thumbnail\" alt=\"\" \/><\/a>\n\t\t\t<\/dt><\/dl><dl class='gallery-item'>\n\t\t\t<dt class='gallery-icon '>\n\t\t\t\t<a href='http:\/\/montezumainfo.net\/es\/como-ayudar\/como_ayudar_catumo2\/'><img loading=\"lazy\" decoding=\"async\" width=\"1\" height=\"1\" src=\"http:\/\/montezumainfo.net\/wp-content\/uploads\/2010\/10\/como_ayudar_catumo2.jpg\" class=\"attachment-thumbnail size-thumbnail\" alt=\"\" \/><\/a>\n\t\t\t<\/dt><\/dl>\n\t\t<\/div>\n\n<hr \/>\n<p><img loading=\"lazy\" decoding=\"async\" class=\"alignright size-full wp-image-868\" style=\"padding-left: 10px;\" title=\"como_ayudar_catumo\" src=\"http:\/\/montezumainfo.net\/wp-content\/uploads\/2010\/10\/como_ayudar_catumo.jpg\" alt=\"como_ayudar_catumo\" width=\"360\" height=\"480\" \/>Antonio Vallese, Presidente de CaTuMo, informa que el trabajo de asfaltado de la cuesta se ha demorado a causa de la falta de cemento necesario para estabilizar la base, lo cual no se ha podido conseguir por medio del Concejo Municipal.<\/p>\n<p>La C\u00e1mara de Turismo de Montezuma ha tramitado directamente  la solicitud a la Comisi\u00f3n Nacional de Emergencias (CNE) y esperamos poder contar con el cemento para la pr\u00f3xima semana. A la vez se est\u00e1 recolectando dinero para adquirir parte del mismo en la zona gracias al aporte de vecinos de Montezuma y C\u00f3bano. CaTuMo insta a todas las personas que quisieran donar alg\u00fan saco de cemento comunicarse directamente con Antonio al 8832-3375.  La fecha de inicio de las obras est\u00e1 fijada para el pr\u00f3ximo mi\u00e9rcoles 3 de noviembre.<\/p>\n<p>CaTuMo agradece el apoyo manifestado por parte de las comunidades a tan importante proyecto ya que los contratos de mantenimiento para esta ruta 624 acaban de expirar y quien sabe cuando volver\u00e1n a trabajar en la misma. La cantidad de sacos que debe aportar la comunidad es de 150. La lista de los donadores aparecer\u00e1 publicada en este Foro como reconocimiento al esfuerzo de los donadores y para transparencia de este procedimiento.<\/p>\n<p>Las cuentas donde se puede donar especificando el nombre de la  persona o empresa son:<\/p>\n<p style=\"text-align: center;\"><strong>\u00a2 100-01-090-001191-4<\/strong> en colones<\/p>\n<p style=\"text-align: center;\"><strong>$ 100-02-090-600306-4<\/strong> en d\u00f3lares<\/p>\n<p style=\"text-align: center;\">Ambas cuentas del Banco Nacional de Costa Rica y a nombre de<br \/>\n<strong>Asociaci\u00f3n Pro desarrollo tur\u00edstico de Puerto Moctezuma<\/strong>.<\/p>\n<p><\/p>","protected":false},"excerpt":{"rendered":"<p>Actualizaci\u00f3n: La Cuesta de Montezuma El pasado mes de octubre finaliz\u00f3 el ambicioso proyecto de estabilizaci\u00f3n y colocaci\u00f3n de carpeta asf\u00e1ltica en la R624 sector \u00a8Cuesta\u00a8. Este proyecto realizado gracias al apoyo del director ejecutivo de CONAVi Ing. Carlos Eduardo Acosta Monge, y desde luego del se\u00f1or ministro de Obras P\u00fablicas y Transporte Ing. Francisco [&hellip;]<\/p>\n","protected":false},"author":30,"featured_media":0,"parent":0,"menu_order":8,"comment_status":"closed","ping_status":"open","template":"","meta":{"footnotes":""},"class_list":["post-863","page","type-page","status-publish","hentry"],"aioseo_notices":[],"_links":{"self":[{"href":"http:\/\/montezumainfo.net\/es\/wp-json\/wp\/v2\/pages\/863","targetHints":{"allow":["GET"]}}],"collection":[{"href":"http:\/\/montezumainfo.net\/es\/wp-json\/wp\/v2\/pages"}],"about":[{"href":"http:\/\/montezumainfo.net\/es\/wp-json\/wp\/v2\/types\/page"}],"author":[{"embeddable":true,"href":"http:\/\/montezumainfo.net\/es\/wp-json\/wp\/v2\/users\/30"}],"replies":[{"embeddable":true,"href":"http:\/\/montezumainfo.net\/es\/wp-json\/wp\/v2\/comments?post=863"}],"version-history":[{"count":78,"href":"http:\/\/montezumainfo.net\/es\/wp-json\/wp\/v2\/pages\/863\/revisions"}],"predecessor-version":[{"id":1707,"href":"http:\/\/montezumainfo.net\/es\/wp-json\/wp\/v2\/pages\/863\/revisions\/1707"}],"wp:attachment":[{"href":"http:\/\/montezumainfo.net\/es\/wp-json\/wp\/v2\/media?parent=863"}],"curies":[{"name":"wp","href":"https:\/\/api.w.org\/{rel}","templated":true}]}}