{"id":87,"date":"2008-12-19T17:56:36","date_gmt":"2008-12-19T23:56:36","guid":{"rendered":"http:\/\/s122426555.onlinehome.us\/catumo\/?page_id=87"},"modified":"2014-11-22T13:13:08","modified_gmt":"2014-11-22T19:13:08","slug":"beneficios","status":"publish","type":"page","link":"http:\/\/montezumainfo.net\/es\/beneficios\/","title":{"rendered":"Beneficios"},"content":{"rendered":"<p id=\"top\" \/><\/p>\n<ol>\n<li>Tener representaci\u00f3n oficial ante las diferentes instancias gubernamentales.<\/li>\n<li>Poder tener participaci\u00f3n en ferias de turismo y tener representaci\u00f3n legal en las\u00a0mismas.<\/li>\n<li>Pertenecer a una instituci\u00f3n legal que fomenta la promoci\u00f3n y divulgaci\u00f3n del turismo tanto a nivel nacional como internacional.<\/li>\n<li>Vigilar por la calidad de vida de los visitantes y habitantes de la comunidad de\u00a0Montezuma.<\/li>\n<\/ol>\n<p style=\"text-align: left;\">\n<p><\/p>","protected":false},"excerpt":{"rendered":"<p>Tener representaci\u00f3n oficial ante las diferentes instancias gubernamentales. Poder tener participaci\u00f3n en ferias de turismo y tener representaci\u00f3n legal en las\u00a0mismas. Pertenecer a una instituci\u00f3n legal que fomenta la promoci\u00f3n y divulgaci\u00f3n del turismo tanto a nivel nacional como internacional. Vigilar por la calidad de vida de los visitantes y habitantes de la comunidad de\u00a0Montezuma.<\/p>\n","protected":false},"author":30,"featured_media":0,"parent":0,"menu_order":4,"comment_status":"closed","ping_status":"open","template":"","meta":{"footnotes":""},"class_list":["post-87","page","type-page","status-publish","hentry"],"aioseo_notices":[],"_links":{"self":[{"href":"http:\/\/montezumainfo.net\/es\/wp-json\/wp\/v2\/pages\/87","targetHints":{"allow":["GET"]}}],"collection":[{"href":"http:\/\/montezumainfo.net\/es\/wp-json\/wp\/v2\/pages"}],"about":[{"href":"http:\/\/montezumainfo.net\/es\/wp-json\/wp\/v2\/types\/page"}],"author":[{"embeddable":true,"href":"http:\/\/montezumainfo.net\/es\/wp-json\/wp\/v2\/users\/30"}],"replies":[{"embeddable":true,"href":"http:\/\/montezumainfo.net\/es\/wp-json\/wp\/v2\/comments?post=87"}],"version-history":[{"count":25,"href":"http:\/\/montezumainfo.net\/es\/wp-json\/wp\/v2\/pages\/87\/revisions"}],"predecessor-version":[{"id":1464,"href":"http:\/\/montezumainfo.net\/es\/wp-json\/wp\/v2\/pages\/87\/revisions\/1464"}],"wp:attachment":[{"href":"http:\/\/montezumainfo.net\/es\/wp-json\/wp\/v2\/media?parent=87"}],"curies":[{"name":"wp","href":"https:\/\/api.w.org\/{rel}","templated":true}]}}